{"id":2141,"date":"2023-02-22T19:52:07","date_gmt":"2023-02-22T18:52:07","guid":{"rendered":"http:\/\/www.auris-conseils.com\/auris22a\/?page_id=2141"},"modified":"2023-03-30T17:19:30","modified_gmt":"2023-03-30T15:19:30","slug":"etresuivi2","status":"publish","type":"page","link":"https:\/\/www.auris-conseils.com\/auris22a\/etresuivi2\/","title":{"rendered":"\u00caTRE SUIVI"},"content":{"rendered":"<p><div class=\"fusion-fullwidth fullwidth-box fusion-builder-row-1 fusion-flex-container has-pattern-background has-mask-background fusion-parallax-none hundred-percent-fullwidth non-hundred-percent-height-scrolling\" style=\"background-color: rgba(255,255,255,0);background-image: url(&quot;http:\/\/www.auris-conseils.com\/auris22a\/wp-content\/uploads\/2017\/09\/planification.jpg&quot;);background-position: center center;background-repeat: no-repeat;border-width: 0px 0px 0px 0px;border-color:#eae9e9;border-style:solid;-webkit-background-size:cover;-moz-background-size:cover;-o-background-size:cover;background-size:cover;\" ><div class=\"fusion-builder-row fusion-row fusion-flex-align-items-flex-start\" style=\"width:104% !important;max-width:104% !important;margin-left: calc(-4% \/ 2 );margin-right: calc(-4% \/ 2 );\"><div class=\"fusion-layout-column fusion_builder_column fusion-builder-column-0 fusion_builder_column_1_1 1_1 fusion-flex-column\"><div class=\"fusion-column-wrapper fusion-flex-justify-content-flex-start fusion-content-layout-column\" style=\"background-position:left top;background-repeat:no-repeat;-webkit-background-size:cover;-moz-background-size:cover;-o-background-size:cover;background-size:cover;padding: 0px 0px 0px 0px;\"><style type=\"text\/css\">@media only screen and (max-width:1024px) {.fusion-title.fusion-title-1{margin-top:0px!important; margin-right:0px!important;margin-bottom:31px!important;margin-left:0px!important;}}@media only screen and (max-width:640px) {.fusion-title.fusion-title-1{margin-top:10px!important; margin-right:0px!important;margin-bottom:10px!important; margin-left:0px!important;}}<\/style><div class=\"fusion-title title fusion-title-1 fusion-sep-none fusion-title-center fusion-title-text fusion-title-size-one\" style=\"margin-top:0px;margin-right:0px;margin-bottom:31px;margin-left:0px;\"><h1 class=\"title-heading-center\" style=\"margin:0;color:var(--awb-color6);text-shadow:2px 2px 0px #e5dd00;\">JE SOUHAITE \u00caTRE ACCOMPAGNE ET SUIVI DANS LE TEMPS<\/h1><\/div><\/div><style type=\"text\/css\">.fusion-body .fusion-builder-column-0{width:100% !important;margin-top : 0px;margin-bottom : 20px;}.fusion-builder-column-0 > .fusion-column-wrapper {padding-top : 0px !important;padding-right : 0px !important;margin-right : 1.92%;padding-bottom : 0px !important;padding-left : 0px !important;margin-left : 1.92%;}@media only screen and (max-width:1024px) {.fusion-body .fusion-builder-column-0{width:100% !important;order : 0;}.fusion-builder-column-0 > .fusion-column-wrapper {margin-right : 1.92%;margin-left : 1.92%;}}@media only screen and (max-width:640px) {.fusion-body .fusion-builder-column-0{width:100% !important;order : 0;}.fusion-builder-column-0 > .fusion-column-wrapper {margin-right : 1.92%;margin-left : 1.92%;}}<\/style><\/div><\/div><style type=\"text\/css\">.fusion-body .fusion-flex-container.fusion-builder-row-1{ padding-top : 70px;margin-top : 0px;padding-right : 40px;padding-bottom : 70px;margin-bottom : 0px;padding-left : 40px;}<\/style><\/div><div class=\"fusion-fullwidth fullwidth-box fusion-builder-row-2 fusion-flex-container has-pattern-background has-mask-background fusion-parallax-none nonhundred-percent-fullwidth non-hundred-percent-height-scrolling\" style=\"background-color: rgba(255,255,255,0);background-image: url(&quot;http:\/\/www.auris-conseils.com\/auris22a\/wp-content\/uploads\/2023\/02\/courbe-copie.png&quot;);background-image:linear-gradient(180deg, var(--awb-color1) 0%,rgba(48,67,147,0.35) 100%),url(http:\/\/www.auris-conseils.com\/auris22a\/wp-content\/uploads\/2023\/02\/courbe-copie.png);background-position: center center;background-repeat: no-repeat;border-width: 0px 0px 0px 0px;border-color:#eae9e9;border-style:solid;-webkit-background-size:cover;-moz-background-size:cover;-o-background-size:cover;background-size:cover;\" ><div class=\"awb-background-pattern\" style=\"background-image:  url(data:image\/svg+xml;utf8,%3Csvg%20width%3D%22120%22%20height%3D%22120%22%20fill%3D%22none%22%20xmlns%3D%22http%3A%2F%2Fwww.w3.org%2F2000%2Fsvg%22%3E%3Cpath%20fill-rule%3D%22evenodd%22%20clip-rule%3D%22evenodd%22%20d%3D%22M1.488%2030c0%2015.747%2012.765%2028.512%2028.512%2028.512S58.512%2045.747%2058.512%2030%2045.747%201.488%2030%201.488%201.488%2014.253%201.488%2030zM30%2060C13.431%2060%200%2046.569%200%2030%200%2013.431%2013.431%200%2030%200c16.569%200%2030%2013.431%2030%2030%200%2016.569-13.431%2030-30%2030z%22%20fill%3D%22rgba%280%2C0%2C0%2C0.3%29%22%2F%3E%3Cpath%20fill-rule%3D%22evenodd%22%20clip-rule%3D%22evenodd%22%20d%3D%22M11.47%2030c0%2010.234%208.296%2018.53%2018.53%2018.53%2010.234%200%2018.53-8.296%2018.53-18.53%200-10.234-8.296-18.53-18.53-18.53-10.234%200-18.53%208.296-18.53%2018.53zM30%2050c-11.046%200-20-8.954-20-20s8.954-20%2020-20%2020%208.954%2020%2020-8.954%2020-20%2020zM1.488%2090c0%2015.747%2012.765%2028.512%2028.512%2028.512S58.512%20105.747%2058.512%2090%2045.747%2061.488%2030%2061.488%201.488%2074.253%201.488%2090zM30%20120c-16.569%200-30-13.431-30-30%200-16.569%2013.431-30%2030-30%2016.569%200%2030%2013.431%2030%2030%200%2016.569-13.431%2030-30%2030z%22%20fill%3D%22rgba%280%2C0%2C0%2C0.3%29%22%2F%3E%3Cpath%20fill-rule%3D%22evenodd%22%20clip-rule%3D%22evenodd%22%20d%3D%22M11.47%2090c0%2010.234%208.296%2018.531%2018.53%2018.531%2010.234%200%2018.53-8.297%2018.53-18.531%200-10.234-8.296-18.53-18.53-18.53-10.234%200-18.53%208.296-18.53%2018.53zM30%20110c-11.046%200-20-8.954-20-20s8.954-20%2020-20%2020%208.954%2020%2020-8.954%2020-20%2020zM61.488%2030c0%2015.747%2012.765%2028.512%2028.512%2028.512S118.512%2045.747%20118.512%2030%20105.747%201.488%2090%201.488%2061.488%2014.253%2061.488%2030zM90%2060c-16.569%200-30-13.431-30-30C60%2013.431%2073.431%200%2090%200c16.569%200%2030%2013.431%2030%2030%200%2016.569-13.431%2030-30%2030z%22%20fill%3D%22rgba%280%2C0%2C0%2C0.3%29%22%2F%3E%3Cpath%20fill-rule%3D%22evenodd%22%20clip-rule%3D%22evenodd%22%20d%3D%22M71.47%2030c0%2010.234%208.296%2018.53%2018.53%2018.53%2010.234%200%2018.531-8.296%2018.531-18.53%200-10.234-8.297-18.53-18.531-18.53-10.234%200-18.53%208.296-18.53%2018.53zM90%2050c-11.046%200-20-8.954-20-20s8.954-20%2020-20%2020%208.954%2020%2020-8.954%2020-20%2020zM61.488%2090c0%2015.747%2012.765%2028.512%2028.512%2028.512S118.512%20105.747%20118.512%2090%20105.747%2061.488%2090%2061.488%2061.488%2074.253%2061.488%2090zM90%20120c-16.569%200-30-13.431-30-30%200-16.569%2013.431-30%2030-30%2016.569%200%2030%2013.431%2030%2030%200%2016.569-13.431%2030-30%2030z%22%20fill%3D%22rgba%280%2C0%2C0%2C0.3%29%22%2F%3E%3Cpath%20fill-rule%3D%22evenodd%22%20clip-rule%3D%22evenodd%22%20d%3D%22M71.47%2090c0%2010.234%208.296%2018.531%2018.53%2018.531%2010.234%200%2018.531-8.297%2018.531-18.531%200-10.234-8.297-18.53-18.531-18.53-10.234%200-18.53%208.296-18.53%2018.53zM90%20110c-11.046%200-20-8.954-20-20s8.954-20%2020-20%2020%208.954%2020%2020-8.954%2020-20%2020z%22%20fill%3D%22rgba%280%2C0%2C0%2C0.3%29%22%2F%3E%3C%2Fsvg%3E);opacity: 0.21 ;background-size:200%;mix-blend-mode:normal;\"><\/div><div class=\"fusion-builder-row fusion-row fusion-flex-align-items-flex-start\" style=\"max-width:1144px;margin-left: calc(-4% \/ 2 );margin-right: calc(-4% \/ 2 );\"><div class=\"fusion-layout-column fusion_builder_column fusion-builder-column-1 fusion_builder_column_1_1 1_1 fusion-flex-column\"><div class=\"fusion-column-wrapper fusion-flex-justify-content-flex-start fusion-content-layout-column\" style=\"background-position:left top;background-repeat:no-repeat;-webkit-background-size:cover;-moz-background-size:cover;-o-background-size:cover;background-size:cover;padding: 0px 0px 0px 0px;\"><style type=\"text\/css\">#accordion-2141-1 .fusion-panel:hover{ border-color: #e0dede } #accordion-2141-1 .fusion-panel { border-color:#e0dede; }.fusion-accordian  #accordion-2141-1 .panel-title a .fa-fusion-box{ color: var(--awb-color1);}.fusion-accordian  #accordion-2141-1 .panel-title a .fa-fusion-box:before{ font-size: 17px; width: 17px;}.fusion-accordian  #accordion-2141-1 .panel-title a{color:#333333;font-family:\"Antic Slab\";font-weight:400;}.fusion-accordian  #accordion-2141-1 .toggle-content{font-size:13px;color:#747474;font-family:\"PT Sans\";font-weight:400;}.fusion-accordian  #accordion-2141-1 .fa-fusion-box { background-color: #333333;border-color: #333333;}.fusion-accordian  #accordion-2141-1 .panel-title a:not(.active):hover, #accordion-2141-1 .fusion-toggle-boxed-mode:hover .panel-title a { color: var(--awb-color6);}.fusion-accordian  #accordion-2141-1 .panel-title .active .fa-fusion-box,.fusion-accordian  #accordion-2141-1 .panel-title a:not(.active):hover .fa-fusion-box { background-color: var(--awb-color6)!important;border-color: var(--awb-color6)!important;}<\/style><div class=\"accordian fusion-accordian\"><div class=\"panel-group\" id=\"accordion-2141-1\"><style type=\"text\/css\">.fusion-accordian  #accordion-2141-1 .panel-7e381e3cdcfb396d0 .panel-title a{font-size:var(--awb-typography2-font-size);color:#333333;font-family:-apple-system, BlinkMacSystemFont, 'Segoe UI', Roboto, Oxygen-Sans, Ubuntu, Cantarell, 'Helvetica Neue' ,sans-serif;font-weight:400;}.fusion-accordian  #accordion-2141-1 .panel-7e381e3cdcfb396d0 .toggle-content{color:#747474;}<\/style><div class=\"fusion-panel panel-default panel-7e381e3cdcfb396d0\"><div class=\"panel-heading\"><h4 class=\"panel-title toggle\" id=\"toggle_7e381e3cdcfb396d0\"><a class=\"active\" aria-expanded=\"true\" aria-controls=\"7e381e3cdcfb396d0\" role=\"button\" data-toggle=\"collapse\" data-parent=\"#accordion-2141-1\" data-target=\"#7e381e3cdcfb396d0\" href=\"#7e381e3cdcfb396d0\"><span class=\"fusion-toggle-icon-wrapper\" aria-hidden=\"true\"><i class=\"fa-fusion-box active-icon awb-icon-minus\" aria-hidden=\"true\"><\/i><i class=\"fa-fusion-box inactive-icon awb-icon-plus\" aria-hidden=\"true\"><\/i><\/span><span class=\"fusion-toggle-heading\">ETRE SUVI<\/span><\/a><\/h4><\/div><div id=\"7e381e3cdcfb396d0\" class=\"panel-collapse collapse in\" araia-labelledby=\"toggle_7e381e3cdcfb396d0\"><div class=\"panel-body toggle-content fusion-clearfix\">\n<h2>. S\u2019assurer que les planifications r\u00e9alis\u00e9es seront toujours adapt\u00e9es :<br \/>\n. En vous \u00e9coutant lorsque vous aurez besoin d\u2019\u00e9changer sur une nouvelle r\u00e9flexion<br \/>\n. En prenant en consid\u00e9ration l\u2019\u00e9volution de votre vie personnelle et professionnelle<br \/>\n. En surveillant les modifications de la r\u00e9glementation<br \/>\n. En adaptant les \u00e9volutions de la r\u00e9glementation \u00e0 votre situation<br \/>\n. En vous restituant un rapport au moins une fois tous les deux ans actualisant l\u2019ensemble des planifications r\u00e9alis\u00e9es par le pass\u00e9<\/h2>\n<\/div><\/div><\/div><\/div><\/div><\/div><style type=\"text\/css\">.fusion-body .fusion-builder-column-1{width:100% !important;margin-top : 0px;margin-bottom : 20px;}.fusion-builder-column-1 > .fusion-column-wrapper {padding-top : 0px !important;padding-right : 0px !important;margin-right : 1.92%;padding-bottom : 0px !important;padding-left : 0px !important;margin-left : 1.92%;}@media only screen and (max-width:1024px) {.fusion-body .fusion-builder-column-1{width:100% !important;order : 0;}.fusion-builder-column-1 > .fusion-column-wrapper {margin-right : 1.92%;margin-left : 1.92%;}}@media only screen and (max-width:640px) {.fusion-body .fusion-builder-column-1{width:100% !important;order : 0;}.fusion-builder-column-1 > .fusion-column-wrapper {margin-right : 1.92%;margin-left : 1.92%;}}<\/style><\/div><\/div><style type=\"text\/css\">.fusion-body .fusion-flex-container.fusion-builder-row-2{ padding-top : 20px;margin-top : 50px;padding-right : 0px;padding-bottom : 0px;margin-bottom : 0px;padding-left : 30px;}<\/style><\/div><\/p>\n","protected":false},"excerpt":{"rendered":"","protected":false},"author":1,"featured_media":0,"parent":0,"menu_order":0,"comment_status":"closed","ping_status":"closed","template":"100-width.php","meta":[],"yoast_head":"<!-- This site is optimized with the Yoast SEO plugin v19.11 - https:\/\/yoast.com\/wordpress\/plugins\/seo\/ -->\n<title>\u00caTRE SUIVI - AURIS<\/title>\n<meta name=\"robots\" content=\"index, follow, max-snippet:-1, max-image-preview:large, max-video-preview:-1\" \/>\n<link rel=\"canonical\" href=\"https:\/\/www.auris-conseils.com\/auris22a\/etresuivi2\/\" \/>\n<meta property=\"og:locale\" content=\"fr_FR\" \/>\n<meta property=\"og:type\" content=\"article\" \/>\n<meta property=\"og:title\" content=\"\u00caTRE SUIVI - AURIS\" \/>\n<meta property=\"og:url\" content=\"https:\/\/www.auris-conseils.com\/auris22a\/etresuivi2\/\" \/>\n<meta property=\"og:site_name\" content=\"AURIS\" \/>\n<meta property=\"article:modified_time\" content=\"2023-03-30T15:19:30+00:00\" \/>\n<meta name=\"twitter:card\" content=\"summary_large_image\" \/>\n<meta name=\"twitter:label1\" content=\"Dur\u00e9e de lecture estim\u00e9e\" \/>\n\t<meta name=\"twitter:data1\" content=\"3 minutes\" \/>\n<script type=\"application\/ld+json\" class=\"yoast-schema-graph\">{\"@context\":\"https:\/\/schema.org\",\"@graph\":[{\"@type\":\"WebPage\",\"@id\":\"https:\/\/www.auris-conseils.com\/auris22a\/etresuivi2\/\",\"url\":\"https:\/\/www.auris-conseils.com\/auris22a\/etresuivi2\/\",\"name\":\"\u00caTRE SUIVI - AURIS\",\"isPartOf\":{\"@id\":\"https:\/\/www.auris-conseils.com\/auris22a\/#website\"},\"datePublished\":\"2023-02-22T18:52:07+00:00\",\"dateModified\":\"2023-03-30T15:19:30+00:00\",\"breadcrumb\":{\"@id\":\"https:\/\/www.auris-conseils.com\/auris22a\/etresuivi2\/#breadcrumb\"},\"inLanguage\":\"fr-FR\",\"potentialAction\":[{\"@type\":\"ReadAction\",\"target\":[\"https:\/\/www.auris-conseils.com\/auris22a\/etresuivi2\/\"]}]},{\"@type\":\"BreadcrumbList\",\"@id\":\"https:\/\/www.auris-conseils.com\/auris22a\/etresuivi2\/#breadcrumb\",\"itemListElement\":[{\"@type\":\"ListItem\",\"position\":1,\"name\":\"Accueil\",\"item\":\"https:\/\/www.auris-conseils.com\/auris22a\/\"},{\"@type\":\"ListItem\",\"position\":2,\"name\":\"\u00caTRE SUIVI\"}]},{\"@type\":\"WebSite\",\"@id\":\"https:\/\/www.auris-conseils.com\/auris22a\/#website\",\"url\":\"https:\/\/www.auris-conseils.com\/auris22a\/\",\"name\":\"AURIS\",\"description\":\"Planification Patrimoniale\",\"potentialAction\":[{\"@type\":\"SearchAction\",\"target\":{\"@type\":\"EntryPoint\",\"urlTemplate\":\"https:\/\/www.auris-conseils.com\/auris22a\/?s={search_term_string}\"},\"query-input\":\"required name=search_term_string\"}],\"inLanguage\":\"fr-FR\"}]}<\/script>\n<!-- \/ Yoast SEO plugin. -->","yoast_head_json":{"title":"\u00caTRE SUIVI - AURIS","robots":{"index":"index","follow":"follow","max-snippet":"max-snippet:-1","max-image-preview":"max-image-preview:large","max-video-preview":"max-video-preview:-1"},"canonical":"https:\/\/www.auris-conseils.com\/auris22a\/etresuivi2\/","og_locale":"fr_FR","og_type":"article","og_title":"\u00caTRE SUIVI - AURIS","og_url":"https:\/\/www.auris-conseils.com\/auris22a\/etresuivi2\/","og_site_name":"AURIS","article_modified_time":"2023-03-30T15:19:30+00:00","twitter_card":"summary_large_image","twitter_misc":{"Dur\u00e9e de lecture estim\u00e9e":"3 minutes"},"schema":{"@context":"https:\/\/schema.org","@graph":[{"@type":"WebPage","@id":"https:\/\/www.auris-conseils.com\/auris22a\/etresuivi2\/","url":"https:\/\/www.auris-conseils.com\/auris22a\/etresuivi2\/","name":"\u00caTRE SUIVI - AURIS","isPartOf":{"@id":"https:\/\/www.auris-conseils.com\/auris22a\/#website"},"datePublished":"2023-02-22T18:52:07+00:00","dateModified":"2023-03-30T15:19:30+00:00","breadcrumb":{"@id":"https:\/\/www.auris-conseils.com\/auris22a\/etresuivi2\/#breadcrumb"},"inLanguage":"fr-FR","potentialAction":[{"@type":"ReadAction","target":["https:\/\/www.auris-conseils.com\/auris22a\/etresuivi2\/"]}]},{"@type":"BreadcrumbList","@id":"https:\/\/www.auris-conseils.com\/auris22a\/etresuivi2\/#breadcrumb","itemListElement":[{"@type":"ListItem","position":1,"name":"Accueil","item":"https:\/\/www.auris-conseils.com\/auris22a\/"},{"@type":"ListItem","position":2,"name":"\u00caTRE SUIVI"}]},{"@type":"WebSite","@id":"https:\/\/www.auris-conseils.com\/auris22a\/#website","url":"https:\/\/www.auris-conseils.com\/auris22a\/","name":"AURIS","description":"Planification Patrimoniale","potentialAction":[{"@type":"SearchAction","target":{"@type":"EntryPoint","urlTemplate":"https:\/\/www.auris-conseils.com\/auris22a\/?s={search_term_string}"},"query-input":"required name=search_term_string"}],"inLanguage":"fr-FR"}]}},"_links":{"self":[{"href":"https:\/\/www.auris-conseils.com\/auris22a\/wp-json\/wp\/v2\/pages\/2141"}],"collection":[{"href":"https:\/\/www.auris-conseils.com\/auris22a\/wp-json\/wp\/v2\/pages"}],"about":[{"href":"https:\/\/www.auris-conseils.com\/auris22a\/wp-json\/wp\/v2\/types\/page"}],"author":[{"embeddable":true,"href":"https:\/\/www.auris-conseils.com\/auris22a\/wp-json\/wp\/v2\/users\/1"}],"replies":[{"embeddable":true,"href":"https:\/\/www.auris-conseils.com\/auris22a\/wp-json\/wp\/v2\/comments?post=2141"}],"version-history":[{"count":11,"href":"https:\/\/www.auris-conseils.com\/auris22a\/wp-json\/wp\/v2\/pages\/2141\/revisions"}],"predecessor-version":[{"id":2190,"href":"https:\/\/www.auris-conseils.com\/auris22a\/wp-json\/wp\/v2\/pages\/2141\/revisions\/2190"}],"wp:attachment":[{"href":"https:\/\/www.auris-conseils.com\/auris22a\/wp-json\/wp\/v2\/media?parent=2141"}],"curies":[{"name":"wp","href":"https:\/\/api.w.org\/{rel}","templated":true}]}}