{"id":2136,"date":"2023-02-22T19:45:36","date_gmt":"2023-02-22T18:45:36","guid":{"rendered":"http:\/\/www.auris-conseils.com\/auris22a\/?page_id=2136"},"modified":"2023-02-22T20:31:01","modified_gmt":"2023-02-22T19:31:01","slug":"comprendre2","status":"publish","type":"page","link":"https:\/\/www.auris-conseils.com\/auris22a\/comprendre2\/","title":{"rendered":"COMPRENDRE"},"content":{"rendered":"<p><div class=\"fusion-fullwidth fullwidth-box fusion-builder-row-1 fusion-flex-container has-pattern-background has-mask-background fusion-parallax-none nonhundred-percent-fullwidth non-hundred-percent-height-scrolling\" style=\"background-color: rgba(255,255,255,0);background-image: url(&quot;http:\/\/www.auris-conseils.com\/auris22a\/wp-content\/uploads\/2017\/09\/accueil.jpg&quot;);background-position: center center;background-repeat: no-repeat;border-width: 0px 0px 0px 0px;border-color:#eae9e9;border-style:solid;-webkit-background-size:cover;-moz-background-size:cover;-o-background-size:cover;background-size:cover;\" ><div class=\"fusion-builder-row fusion-row fusion-flex-align-items-flex-start\" style=\"max-width:1144px;margin-left: calc(-4% \/ 2 );margin-right: calc(-4% \/ 2 );\"><div class=\"fusion-layout-column fusion_builder_column fusion-builder-column-0 fusion_builder_column_1_1 1_1 fusion-flex-column\"><div class=\"fusion-column-wrapper fusion-flex-justify-content-flex-start fusion-content-layout-column\" style=\"background-position:left top;background-repeat:no-repeat;-webkit-background-size:cover;-moz-background-size:cover;-o-background-size:cover;background-size:cover;padding: 0px 0px 0px 0px;\"><style type=\"text\/css\">@media only screen and (max-width:1024px) {.fusion-title.fusion-title-1{margin-top:0px!important; margin-right:0px!important;margin-bottom:31px!important;margin-left:0px!important;}}@media only screen and (max-width:640px) {.fusion-title.fusion-title-1{margin-top:10px!important; margin-right:0px!important;margin-bottom:10px!important; margin-left:0px!important;}}<\/style><div class=\"fusion-title title fusion-title-1 fusion-sep-none fusion-title-center fusion-title-text fusion-title-size-one\" style=\"margin-top:0px;margin-right:0px;margin-bottom:31px;margin-left:0px;\"><h1 class=\"title-heading-center\" style=\"margin:0;color:var(--awb-color6);text-shadow:2px 2px 0px #eddd02;\">JE VEUX COMPRENDRE MES DROITS ET ANALYSER MA SITUATION<\/h1><\/div><\/div><style type=\"text\/css\">.fusion-body .fusion-builder-column-0{width:100% !important;margin-top : 0px;margin-bottom : 20px;}.fusion-builder-column-0 > .fusion-column-wrapper {padding-top : 0px !important;padding-right : 0px !important;margin-right : 1.92%;padding-bottom : 0px !important;padding-left : 0px !important;margin-left : 1.92%;}@media only screen and (max-width:1024px) {.fusion-body .fusion-builder-column-0{width:100% !important;order : 0;}.fusion-builder-column-0 > .fusion-column-wrapper {margin-right : 1.92%;margin-left : 1.92%;}}@media only screen and (max-width:640px) {.fusion-body .fusion-builder-column-0{width:100% !important;order : 0;}.fusion-builder-column-0 > .fusion-column-wrapper {margin-right : 1.92%;margin-left : 1.92%;}}<\/style><\/div><\/div><style type=\"text\/css\">.fusion-body .fusion-flex-container.fusion-builder-row-1{ padding-top : 32px;margin-top : 0px;padding-right : 0px;padding-bottom : 8px;margin-bottom : 0px;padding-left : 0px;}<\/style><\/div><div class=\"fusion-fullwidth fullwidth-box fusion-builder-row-2 fusion-flex-container has-pattern-background has-mask-background fusion-parallax-none nonhundred-percent-fullwidth non-hundred-percent-height-scrolling\" style=\"background-color: rgba(255,255,255,0);background-image: url(&quot;http:\/\/www.auris-conseils.com\/auris22a\/wp-content\/uploads\/2023\/02\/courbe-copie.png&quot;);background-image:linear-gradient(180deg, var(--awb-color1) 0%,rgba(48,67,147,0.35) 100%),url(http:\/\/www.auris-conseils.com\/auris22a\/wp-content\/uploads\/2023\/02\/courbe-copie.png);background-position: center center;background-repeat: repeat-x;border-width: 0px 0px 0px 0px;border-color:#eae9e9;border-style:solid;\" ><div class=\"awb-background-pattern\" style=\"background-image:  url(data:image\/svg+xml;utf8,%3Csvg%20width%3D%22120%22%20height%3D%22120%22%20fill%3D%22none%22%20xmlns%3D%22http%3A%2F%2Fwww.w3.org%2F2000%2Fsvg%22%3E%3Cpath%20fill-rule%3D%22evenodd%22%20clip-rule%3D%22evenodd%22%20d%3D%22M1.488%2030c0%2015.747%2012.765%2028.512%2028.512%2028.512S58.512%2045.747%2058.512%2030%2045.747%201.488%2030%201.488%201.488%2014.253%201.488%2030zM30%2060C13.431%2060%200%2046.569%200%2030%200%2013.431%2013.431%200%2030%200c16.569%200%2030%2013.431%2030%2030%200%2016.569-13.431%2030-30%2030z%22%20fill%3D%22rgba%280%2C0%2C0%2C0.3%29%22%2F%3E%3Cpath%20fill-rule%3D%22evenodd%22%20clip-rule%3D%22evenodd%22%20d%3D%22M11.47%2030c0%2010.234%208.296%2018.53%2018.53%2018.53%2010.234%200%2018.53-8.296%2018.53-18.53%200-10.234-8.296-18.53-18.53-18.53-10.234%200-18.53%208.296-18.53%2018.53zM30%2050c-11.046%200-20-8.954-20-20s8.954-20%2020-20%2020%208.954%2020%2020-8.954%2020-20%2020zM1.488%2090c0%2015.747%2012.765%2028.512%2028.512%2028.512S58.512%20105.747%2058.512%2090%2045.747%2061.488%2030%2061.488%201.488%2074.253%201.488%2090zM30%20120c-16.569%200-30-13.431-30-30%200-16.569%2013.431-30%2030-30%2016.569%200%2030%2013.431%2030%2030%200%2016.569-13.431%2030-30%2030z%22%20fill%3D%22rgba%280%2C0%2C0%2C0.3%29%22%2F%3E%3Cpath%20fill-rule%3D%22evenodd%22%20clip-rule%3D%22evenodd%22%20d%3D%22M11.47%2090c0%2010.234%208.296%2018.531%2018.53%2018.531%2010.234%200%2018.53-8.297%2018.53-18.531%200-10.234-8.296-18.53-18.53-18.53-10.234%200-18.53%208.296-18.53%2018.53zM30%20110c-11.046%200-20-8.954-20-20s8.954-20%2020-20%2020%208.954%2020%2020-8.954%2020-20%2020zM61.488%2030c0%2015.747%2012.765%2028.512%2028.512%2028.512S118.512%2045.747%20118.512%2030%20105.747%201.488%2090%201.488%2061.488%2014.253%2061.488%2030zM90%2060c-16.569%200-30-13.431-30-30C60%2013.431%2073.431%200%2090%200c16.569%200%2030%2013.431%2030%2030%200%2016.569-13.431%2030-30%2030z%22%20fill%3D%22rgba%280%2C0%2C0%2C0.3%29%22%2F%3E%3Cpath%20fill-rule%3D%22evenodd%22%20clip-rule%3D%22evenodd%22%20d%3D%22M71.47%2030c0%2010.234%208.296%2018.53%2018.53%2018.53%2010.234%200%2018.531-8.296%2018.531-18.53%200-10.234-8.297-18.53-18.531-18.53-10.234%200-18.53%208.296-18.53%2018.53zM90%2050c-11.046%200-20-8.954-20-20s8.954-20%2020-20%2020%208.954%2020%2020-8.954%2020-20%2020zM61.488%2090c0%2015.747%2012.765%2028.512%2028.512%2028.512S118.512%20105.747%20118.512%2090%20105.747%2061.488%2090%2061.488%2061.488%2074.253%2061.488%2090zM90%20120c-16.569%200-30-13.431-30-30%200-16.569%2013.431-30%2030-30%2016.569%200%2030%2013.431%2030%2030%200%2016.569-13.431%2030-30%2030z%22%20fill%3D%22rgba%280%2C0%2C0%2C0.3%29%22%2F%3E%3Cpath%20fill-rule%3D%22evenodd%22%20clip-rule%3D%22evenodd%22%20d%3D%22M71.47%2090c0%2010.234%208.296%2018.531%2018.53%2018.531%2010.234%200%2018.531-8.297%2018.531-18.531%200-10.234-8.297-18.53-18.531-18.53-10.234%200-18.53%208.296-18.53%2018.53zM90%20110c-11.046%200-20-8.954-20-20s8.954-20%2020-20%2020%208.954%2020%2020-8.954%2020-20%2020z%22%20fill%3D%22rgba%280%2C0%2C0%2C0.3%29%22%2F%3E%3C%2Fsvg%3E);opacity: 0.21 ;background-size:200%;mix-blend-mode:normal;\"><\/div><div class=\"fusion-builder-row fusion-row fusion-flex-align-items-flex-start\" style=\"max-width:1144px;margin-left: calc(-4% \/ 2 );margin-right: calc(-4% \/ 2 );\"><div class=\"fusion-layout-column fusion_builder_column fusion-builder-column-1 fusion_builder_column_1_1 1_1 fusion-flex-column\"><div class=\"fusion-column-wrapper fusion-flex-justify-content-flex-start fusion-content-layout-column\" style=\"background-position:left top;background-repeat:no-repeat;-webkit-background-size:cover;-moz-background-size:cover;-o-background-size:cover;background-size:cover;padding: 0px 0px 0px 0px;\"><style type=\"text\/css\">#accordion-2136-1 .fusion-panel:hover{ border-color: #e0dede } #accordion-2136-1 .fusion-panel { border-color:#e0dede; }.fusion-accordian  #accordion-2136-1 .panel-title a .fa-fusion-box{ color: var(--awb-color1);}.fusion-accordian  #accordion-2136-1 .panel-title a .fa-fusion-box:before{ font-size: 17px; width: 17px;}.fusion-accordian  #accordion-2136-1 .panel-title a{color:#333333;font-family:\"Antic Slab\";font-weight:400;}.fusion-accordian  #accordion-2136-1 .toggle-content{font-size:13px;color:#747474;font-family:\"PT Sans\";font-weight:400;}.fusion-accordian  #accordion-2136-1 .fa-fusion-box { background-color: #333333;border-color: #333333;}.fusion-accordian  #accordion-2136-1 .panel-title a:not(.active):hover, #accordion-2136-1 .fusion-toggle-boxed-mode:hover .panel-title a { color: var(--awb-color6);}.fusion-accordian  #accordion-2136-1 .panel-title .active .fa-fusion-box,.fusion-accordian  #accordion-2136-1 .panel-title a:not(.active):hover .fa-fusion-box { background-color: var(--awb-color6)!important;border-color: var(--awb-color6)!important;}<\/style><div class=\"accordian fusion-accordian\"><div class=\"panel-group\" id=\"accordion-2136-1\"><style type=\"text\/css\">.fusion-accordian  #accordion-2136-1 .panel-9f4bef1e0d7532de7 .panel-title a{font-size:var(--awb-typography2-font-size);color:#333333;font-family:-apple-system, BlinkMacSystemFont, 'Segoe UI', Roboto, Oxygen-Sans, Ubuntu, Cantarell, 'Helvetica Neue' ,sans-serif;font-weight:400;}.fusion-accordian  #accordion-2136-1 .panel-9f4bef1e0d7532de7 .toggle-content{color:#747474;}<\/style><div class=\"fusion-panel panel-default panel-9f4bef1e0d7532de7\"><div class=\"panel-heading\"><h4 class=\"panel-title toggle\" id=\"toggle_9f4bef1e0d7532de7\"><a aria-expanded=\"false\" aria-controls=\"9f4bef1e0d7532de7\" role=\"button\" data-toggle=\"collapse\" data-parent=\"#accordion-2136-1\" data-target=\"#9f4bef1e0d7532de7\" href=\"#9f4bef1e0d7532de7\"><span class=\"fusion-toggle-icon-wrapper\" aria-hidden=\"true\"><i class=\"fa-fusion-box active-icon awb-icon-minus\" aria-hidden=\"true\"><\/i><i class=\"fa-fusion-box inactive-icon awb-icon-plus\" aria-hidden=\"true\"><\/i><\/span><span class=\"fusion-toggle-heading\">ANALYSE DE VOS PRODUITS D\u2019EPARGNE<\/span><\/a><\/h4><\/div><div id=\"9f4bef1e0d7532de7\" class=\"panel-collapse collapse \" araia-labelledby=\"toggle_9f4bef1e0d7532de7\"><div class=\"panel-body toggle-content fusion-clearfix\">\n<h2>. Vous permettre de comprendre vos produits d\u2019\u00e9pargne<br \/>\nAnalyse du rendement<br \/>\nAnalyse et description de tous les frais plus ou moins visibles<br \/>\n\u00c9valuation du risque de perte en capital<\/h2>\n<\/div><\/div><\/div><style type=\"text\/css\">.fusion-accordian  #accordion-2136-1 .panel-21e6f008685b78404 .panel-title a{font-size:var(--awb-typography2-font-size);color:#333333;font-family:-apple-system, BlinkMacSystemFont, 'Segoe UI', Roboto, Oxygen-Sans, Ubuntu, Cantarell, 'Helvetica Neue' ,sans-serif;font-weight:400;}.fusion-accordian  #accordion-2136-1 .panel-21e6f008685b78404 .toggle-content{color:#747474;}<\/style><div class=\"fusion-panel panel-default panel-21e6f008685b78404\"><div class=\"panel-heading\"><h4 class=\"panel-title toggle\" id=\"toggle_21e6f008685b78404\"><a aria-expanded=\"false\" aria-controls=\"21e6f008685b78404\" role=\"button\" data-toggle=\"collapse\" data-parent=\"#accordion-2136-1\" data-target=\"#21e6f008685b78404\" href=\"#21e6f008685b78404\"><span class=\"fusion-toggle-icon-wrapper\" aria-hidden=\"true\"><i class=\"fa-fusion-box active-icon awb-icon-minus\" aria-hidden=\"true\"><\/i><i class=\"fa-fusion-box inactive-icon awb-icon-plus\" aria-hidden=\"true\"><\/i><\/span><span class=\"fusion-toggle-heading\">ANALYSE DE VOS PRODUITS D\u2019ASSURANCE<\/span><\/a><\/h4><\/div><div id=\"21e6f008685b78404\" class=\"panel-collapse collapse \" araia-labelledby=\"toggle_21e6f008685b78404\"><div class=\"panel-body toggle-content fusion-clearfix\">\n<h2>. Vous permettre de comprendre en d\u00e9tail vos produits d\u2019assurance<br \/>\nAnalyse des risques pour lesquels vous serez prot\u00e9g\u00e9s<br \/>\nMise en lumi\u00e8re des situations pour lesquelles vous ne serez pas prot\u00e9g\u00e9s et votre assurance ne fonctionnera pas<br \/>\n\u00c9valuer le bon rapport\/qualit\u00e9 prix de votre assurance<\/h2>\n<\/div><\/div><\/div><style type=\"text\/css\">.fusion-accordian  #accordion-2136-1 .panel-30198cd1626d53a3d .panel-title a{font-size:var(--awb-typography2-font-size);color:#333333;font-family:-apple-system, BlinkMacSystemFont, 'Segoe UI', Roboto, Oxygen-Sans, Ubuntu, Cantarell, 'Helvetica Neue' ,sans-serif;font-weight:400;}.fusion-accordian  #accordion-2136-1 .panel-30198cd1626d53a3d .toggle-content{color:#747474;}<\/style><div class=\"fusion-panel panel-default panel-30198cd1626d53a3d\"><div class=\"panel-heading\"><h4 class=\"panel-title toggle\" id=\"toggle_30198cd1626d53a3d\"><a aria-expanded=\"false\" aria-controls=\"30198cd1626d53a3d\" role=\"button\" data-toggle=\"collapse\" data-parent=\"#accordion-2136-1\" data-target=\"#30198cd1626d53a3d\" href=\"#30198cd1626d53a3d\"><span class=\"fusion-toggle-icon-wrapper\" aria-hidden=\"true\"><i class=\"fa-fusion-box active-icon awb-icon-minus\" aria-hidden=\"true\"><\/i><i class=\"fa-fusion-box inactive-icon awb-icon-plus\" aria-hidden=\"true\"><\/i><\/span><span class=\"fusion-toggle-heading\">ANALYSE DE VOS DROITS A RETRAITE<\/span><\/a><\/h4><\/div><div id=\"30198cd1626d53a3d\" class=\"panel-collapse collapse \" araia-labelledby=\"toggle_30198cd1626d53a3d\"><div class=\"panel-body toggle-content fusion-clearfix\">\n<h2>. Vous permettre de conna\u00eetre le montant de votre retraite future<br \/>\n. Analyser les r\u00e8gles qui s\u2019imposent \u00e0 vous si vous souhaitez travailler tout en percevant votre retraite (cumul emploi\/retraite)<br \/>\n. Analyse de la qualit\u00e9 de votre contrat de retraite compl\u00e9mentaire (PERP, Loi MADELIN\u2026)<\/h2>\n<\/div><\/div><\/div><style type=\"text\/css\">.fusion-accordian  #accordion-2136-1 .panel-84c181176a4aa2652 .panel-title a{font-size:var(--awb-typography2-font-size);color:#333333;font-family:-apple-system, BlinkMacSystemFont, 'Segoe UI', Roboto, Oxygen-Sans, Ubuntu, Cantarell, 'Helvetica Neue' ,sans-serif;font-weight:400;}.fusion-accordian  #accordion-2136-1 .panel-84c181176a4aa2652 .toggle-content{color:#747474;}<\/style><div class=\"fusion-panel panel-default panel-84c181176a4aa2652\"><div class=\"panel-heading\"><h4 class=\"panel-title toggle\" id=\"toggle_84c181176a4aa2652\"><a aria-expanded=\"false\" aria-controls=\"84c181176a4aa2652\" role=\"button\" data-toggle=\"collapse\" data-parent=\"#accordion-2136-1\" data-target=\"#84c181176a4aa2652\" href=\"#84c181176a4aa2652\"><span class=\"fusion-toggle-icon-wrapper\" aria-hidden=\"true\"><i class=\"fa-fusion-box active-icon awb-icon-minus\" aria-hidden=\"true\"><\/i><i class=\"fa-fusion-box inactive-icon awb-icon-plus\" aria-hidden=\"true\"><\/i><\/span><span class=\"fusion-toggle-heading\">ANALYSE DE VOTRE STATUT SOCIAL (SALARIE OU NON SALARIE)<\/span><\/a><\/h4><\/div><div id=\"84c181176a4aa2652\" class=\"panel-collapse collapse \" araia-labelledby=\"toggle_84c181176a4aa2652\"><div class=\"panel-body toggle-content fusion-clearfix\">\n<h2>. Vous permettre de comprendre comment votre statut social influe sur votre vie<br \/>\nD\u00e9tail des prestations en cas d\u2019arr\u00eat de travail, d\u2019invalidit\u00e9 ou de d\u00e9c\u00e8s de votre part<br \/>\nMontant de votre retraite future<br \/>\nMontant des cotisations sociales \u00e0 payer<br \/>\nImpact de votre statut dans l\u2019exercice de votre activit\u00e9 professionnelle<\/h2>\n<\/div><\/div><\/div><style type=\"text\/css\">.fusion-accordian  #accordion-2136-1 .panel-3a463ea2593e248ce .panel-title a{font-size:var(--awb-typography2-font-size);color:#333333;font-family:-apple-system, BlinkMacSystemFont, 'Segoe UI', Roboto, Oxygen-Sans, Ubuntu, Cantarell, 'Helvetica Neue' ,sans-serif;font-weight:400;}.fusion-accordian  #accordion-2136-1 .panel-3a463ea2593e248ce .toggle-content{color:#747474;}<\/style><div class=\"fusion-panel panel-default panel-3a463ea2593e248ce\"><div class=\"panel-heading\"><h4 class=\"panel-title toggle\" id=\"toggle_3a463ea2593e248ce\"><a aria-expanded=\"false\" aria-controls=\"3a463ea2593e248ce\" role=\"button\" data-toggle=\"collapse\" data-parent=\"#accordion-2136-1\" data-target=\"#3a463ea2593e248ce\" href=\"#3a463ea2593e248ce\"><span class=\"fusion-toggle-icon-wrapper\" aria-hidden=\"true\"><i class=\"fa-fusion-box active-icon awb-icon-minus\" aria-hidden=\"true\"><\/i><i class=\"fa-fusion-box inactive-icon awb-icon-plus\" aria-hidden=\"true\"><\/i><\/span><span class=\"fusion-toggle-heading\">ANALYSE DE VOTRE FISCALITE<\/span><\/a><\/h4><\/div><div id=\"3a463ea2593e248ce\" class=\"panel-collapse collapse \" araia-labelledby=\"toggle_3a463ea2593e248ce\"><div class=\"panel-body toggle-content fusion-clearfix\">\n<h2>. Vous permettre de visualiser les imp\u00f4ts que vous payez et d\u2019\u00e9valuer les imp\u00f4ts que vous devrez payer dans le futur, notamment ceux concernant :<br \/>\nL\u2019imp\u00f4t sur vos revenus et la CSG<br \/>\nL\u2019IFI<br \/>\nLes droits de succession<\/h2>\n<\/div><\/div><\/div><style type=\"text\/css\">.fusion-accordian  #accordion-2136-1 .panel-f4b759d63d4df88eb .panel-title a{font-size:var(--awb-typography2-font-size);color:#333333;font-family:-apple-system, BlinkMacSystemFont, 'Segoe UI', Roboto, Oxygen-Sans, Ubuntu, Cantarell, 'Helvetica Neue' ,sans-serif;font-weight:400;}.fusion-accordian  #accordion-2136-1 .panel-f4b759d63d4df88eb .toggle-content{color:#747474;}<\/style><div class=\"fusion-panel panel-default panel-f4b759d63d4df88eb\"><div class=\"panel-heading\"><h4 class=\"panel-title toggle\" id=\"toggle_f4b759d63d4df88eb\"><a aria-expanded=\"false\" aria-controls=\"f4b759d63d4df88eb\" role=\"button\" data-toggle=\"collapse\" data-parent=\"#accordion-2136-1\" data-target=\"#f4b759d63d4df88eb\" href=\"#f4b759d63d4df88eb\"><span class=\"fusion-toggle-icon-wrapper\" aria-hidden=\"true\"><i class=\"fa-fusion-box active-icon awb-icon-minus\" aria-hidden=\"true\"><\/i><i class=\"fa-fusion-box inactive-icon awb-icon-plus\" aria-hidden=\"true\"><\/i><\/span><span class=\"fusion-toggle-heading\">ANALYSE DE VOTRE REGIME MATRIMONIAL<\/span><\/a><\/h4><\/div><div id=\"f4b759d63d4df88eb\" class=\"panel-collapse collapse \" araia-labelledby=\"toggle_f4b759d63d4df88eb\"><div class=\"panel-body toggle-content fusion-clearfix\">\n<h2>. Vous saurez quelles seront les r\u00e8gles juridiques qui s\u2019imposent \u00e0 votre couple dans les situations suivantes:<br \/>\nLors d\u2019un achat que vous souhaitez r\u00e9aliser<br \/>\nLors d\u2019une succession ou d\u2019une donation re\u00e7ue<br \/>\nEn cas de d\u00e9c\u00e8s de l\u2019un de vous<br \/>\nEn cas de s\u00e9paration<\/h2>\n<\/div><\/div><\/div><style type=\"text\/css\">.fusion-accordian  #accordion-2136-1 .panel-25d18d1bb012af740 .panel-title a{font-size:var(--awb-typography2-font-size);color:#333333;font-family:-apple-system, BlinkMacSystemFont, 'Segoe UI', Roboto, Oxygen-Sans, Ubuntu, Cantarell, 'Helvetica Neue' ,sans-serif;font-weight:400;}.fusion-accordian  #accordion-2136-1 .panel-25d18d1bb012af740 .toggle-content{color:#747474;}<\/style><div class=\"fusion-panel panel-default panel-25d18d1bb012af740\"><div class=\"panel-heading\"><h4 class=\"panel-title toggle\" id=\"toggle_25d18d1bb012af740\"><a aria-expanded=\"false\" aria-controls=\"25d18d1bb012af740\" role=\"button\" data-toggle=\"collapse\" data-parent=\"#accordion-2136-1\" data-target=\"#25d18d1bb012af740\" href=\"#25d18d1bb012af740\"><span class=\"fusion-toggle-icon-wrapper\" aria-hidden=\"true\"><i class=\"fa-fusion-box active-icon awb-icon-minus\" aria-hidden=\"true\"><\/i><i class=\"fa-fusion-box inactive-icon awb-icon-plus\" aria-hidden=\"true\"><\/i><\/span><span class=\"fusion-toggle-heading\">ANALYSE DE LA TRANSMISSION DE VOTRE PATRIMOINE<\/span><\/a><\/h4><\/div><div id=\"25d18d1bb012af740\" class=\"panel-collapse collapse \" araia-labelledby=\"toggle_25d18d1bb012af740\"><div class=\"panel-body toggle-content fusion-clearfix\">\n<h2>. Vous permettre de comprendre les r\u00e8gles qui s\u2019imposeront \u00e0 votre famille en cas de d\u00e9c\u00e8s de votre part et notamment celles concernant :<br \/>\nLes imp\u00f4ts \u00e0 payer par vos h\u00e9ritiers<br \/>\nLa r\u00e9partition de vos biens entre vos h\u00e9ritiers<br \/>\nLes pouvoirs de d\u00e9cision de vos diff\u00e9rents h\u00e9ritiers<br \/>\nLe versement des capitaux de vos contrats d\u2019assurance vie<br \/>\nLe devenir de vos comptes bancaires<\/h2>\n<\/div><\/div><\/div><\/div><\/div><\/div><style type=\"text\/css\">.fusion-body .fusion-builder-column-1{width:100% !important;margin-top : 0px;margin-bottom : 20px;}.fusion-builder-column-1 > .fusion-column-wrapper {padding-top : 0px !important;padding-right : 0px !important;margin-right : 1.92%;padding-bottom : 0px !important;padding-left : 0px !important;margin-left : 1.92%;}@media only screen and (max-width:1024px) {.fusion-body .fusion-builder-column-1{width:100% !important;order : 0;}.fusion-builder-column-1 > .fusion-column-wrapper {margin-right : 1.92%;margin-left : 1.92%;}}@media only screen and (max-width:640px) {.fusion-body .fusion-builder-column-1{width:100% !important;order : 0;}.fusion-builder-column-1 > .fusion-column-wrapper {margin-right : 1.92%;margin-left : 1.92%;}}<\/style><\/div><\/div><style type=\"text\/css\">.fusion-body .fusion-flex-container.fusion-builder-row-2{ padding-top : 20px;margin-top : 50px;padding-right : 0px;padding-bottom : 0px;margin-bottom : 0px;padding-left : 30px;}<\/style><\/div><\/p>\n","protected":false},"excerpt":{"rendered":"","protected":false},"author":1,"featured_media":0,"parent":0,"menu_order":0,"comment_status":"closed","ping_status":"closed","template":"","meta":[],"yoast_head":"<!-- This site is optimized with the Yoast SEO plugin v19.11 - https:\/\/yoast.com\/wordpress\/plugins\/seo\/ -->\n<title>COMPRENDRE - AURIS<\/title>\n<meta name=\"robots\" content=\"index, follow, max-snippet:-1, max-image-preview:large, max-video-preview:-1\" \/>\n<link rel=\"canonical\" href=\"https:\/\/www.auris-conseils.com\/auris22a\/comprendre2\/\" \/>\n<meta property=\"og:locale\" content=\"fr_FR\" \/>\n<meta property=\"og:type\" content=\"article\" \/>\n<meta property=\"og:title\" content=\"COMPRENDRE - AURIS\" \/>\n<meta property=\"og:url\" content=\"https:\/\/www.auris-conseils.com\/auris22a\/comprendre2\/\" \/>\n<meta property=\"og:site_name\" content=\"AURIS\" \/>\n<meta property=\"article:modified_time\" content=\"2023-02-22T19:31:01+00:00\" \/>\n<meta name=\"twitter:card\" content=\"summary_large_image\" \/>\n<meta name=\"twitter:label1\" content=\"Dur\u00e9e de lecture estim\u00e9e\" \/>\n\t<meta name=\"twitter:data1\" content=\"6 minutes\" \/>\n<script type=\"application\/ld+json\" class=\"yoast-schema-graph\">{\"@context\":\"https:\/\/schema.org\",\"@graph\":[{\"@type\":\"WebPage\",\"@id\":\"https:\/\/www.auris-conseils.com\/auris22a\/comprendre2\/\",\"url\":\"https:\/\/www.auris-conseils.com\/auris22a\/comprendre2\/\",\"name\":\"COMPRENDRE - AURIS\",\"isPartOf\":{\"@id\":\"https:\/\/www.auris-conseils.com\/auris22a\/#website\"},\"datePublished\":\"2023-02-22T18:45:36+00:00\",\"dateModified\":\"2023-02-22T19:31:01+00:00\",\"breadcrumb\":{\"@id\":\"https:\/\/www.auris-conseils.com\/auris22a\/comprendre2\/#breadcrumb\"},\"inLanguage\":\"fr-FR\",\"potentialAction\":[{\"@type\":\"ReadAction\",\"target\":[\"https:\/\/www.auris-conseils.com\/auris22a\/comprendre2\/\"]}]},{\"@type\":\"BreadcrumbList\",\"@id\":\"https:\/\/www.auris-conseils.com\/auris22a\/comprendre2\/#breadcrumb\",\"itemListElement\":[{\"@type\":\"ListItem\",\"position\":1,\"name\":\"Accueil\",\"item\":\"https:\/\/www.auris-conseils.com\/auris22a\/\"},{\"@type\":\"ListItem\",\"position\":2,\"name\":\"COMPRENDRE\"}]},{\"@type\":\"WebSite\",\"@id\":\"https:\/\/www.auris-conseils.com\/auris22a\/#website\",\"url\":\"https:\/\/www.auris-conseils.com\/auris22a\/\",\"name\":\"AURIS\",\"description\":\"Planification Patrimoniale\",\"potentialAction\":[{\"@type\":\"SearchAction\",\"target\":{\"@type\":\"EntryPoint\",\"urlTemplate\":\"https:\/\/www.auris-conseils.com\/auris22a\/?s={search_term_string}\"},\"query-input\":\"required name=search_term_string\"}],\"inLanguage\":\"fr-FR\"}]}<\/script>\n<!-- \/ Yoast SEO plugin. -->","yoast_head_json":{"title":"COMPRENDRE - AURIS","robots":{"index":"index","follow":"follow","max-snippet":"max-snippet:-1","max-image-preview":"max-image-preview:large","max-video-preview":"max-video-preview:-1"},"canonical":"https:\/\/www.auris-conseils.com\/auris22a\/comprendre2\/","og_locale":"fr_FR","og_type":"article","og_title":"COMPRENDRE - AURIS","og_url":"https:\/\/www.auris-conseils.com\/auris22a\/comprendre2\/","og_site_name":"AURIS","article_modified_time":"2023-02-22T19:31:01+00:00","twitter_card":"summary_large_image","twitter_misc":{"Dur\u00e9e de lecture estim\u00e9e":"6 minutes"},"schema":{"@context":"https:\/\/schema.org","@graph":[{"@type":"WebPage","@id":"https:\/\/www.auris-conseils.com\/auris22a\/comprendre2\/","url":"https:\/\/www.auris-conseils.com\/auris22a\/comprendre2\/","name":"COMPRENDRE - AURIS","isPartOf":{"@id":"https:\/\/www.auris-conseils.com\/auris22a\/#website"},"datePublished":"2023-02-22T18:45:36+00:00","dateModified":"2023-02-22T19:31:01+00:00","breadcrumb":{"@id":"https:\/\/www.auris-conseils.com\/auris22a\/comprendre2\/#breadcrumb"},"inLanguage":"fr-FR","potentialAction":[{"@type":"ReadAction","target":["https:\/\/www.auris-conseils.com\/auris22a\/comprendre2\/"]}]},{"@type":"BreadcrumbList","@id":"https:\/\/www.auris-conseils.com\/auris22a\/comprendre2\/#breadcrumb","itemListElement":[{"@type":"ListItem","position":1,"name":"Accueil","item":"https:\/\/www.auris-conseils.com\/auris22a\/"},{"@type":"ListItem","position":2,"name":"COMPRENDRE"}]},{"@type":"WebSite","@id":"https:\/\/www.auris-conseils.com\/auris22a\/#website","url":"https:\/\/www.auris-conseils.com\/auris22a\/","name":"AURIS","description":"Planification Patrimoniale","potentialAction":[{"@type":"SearchAction","target":{"@type":"EntryPoint","urlTemplate":"https:\/\/www.auris-conseils.com\/auris22a\/?s={search_term_string}"},"query-input":"required name=search_term_string"}],"inLanguage":"fr-FR"}]}},"_links":{"self":[{"href":"https:\/\/www.auris-conseils.com\/auris22a\/wp-json\/wp\/v2\/pages\/2136"}],"collection":[{"href":"https:\/\/www.auris-conseils.com\/auris22a\/wp-json\/wp\/v2\/pages"}],"about":[{"href":"https:\/\/www.auris-conseils.com\/auris22a\/wp-json\/wp\/v2\/types\/page"}],"author":[{"embeddable":true,"href":"https:\/\/www.auris-conseils.com\/auris22a\/wp-json\/wp\/v2\/users\/1"}],"replies":[{"embeddable":true,"href":"https:\/\/www.auris-conseils.com\/auris22a\/wp-json\/wp\/v2\/comments?post=2136"}],"version-history":[{"count":3,"href":"https:\/\/www.auris-conseils.com\/auris22a\/wp-json\/wp\/v2\/pages\/2136\/revisions"}],"predecessor-version":[{"id":2158,"href":"https:\/\/www.auris-conseils.com\/auris22a\/wp-json\/wp\/v2\/pages\/2136\/revisions\/2158"}],"wp:attachment":[{"href":"https:\/\/www.auris-conseils.com\/auris22a\/wp-json\/wp\/v2\/media?parent=2136"}],"curies":[{"name":"wp","href":"https:\/\/api.w.org\/{rel}","templated":true}]}}