{"id":1496,"date":"2017-09-15T17:57:18","date_gmt":"2017-09-15T15:57:18","guid":{"rendered":"http:\/\/www.auris-conseils.com\/auris22a\/?page_id=1496"},"modified":"2023-03-30T18:20:32","modified_gmt":"2023-03-30T16:20:32","slug":"la-protection-de-ma-famille","status":"publish","type":"page","link":"https:\/\/www.auris-conseils.com\/auris22a\/la-protection-de-ma-famille\/","title":{"rendered":"La protection de ma famille"},"content":{"rendered":"<div class=\"fusion-fullwidth fullwidth-box fusion-builder-row-1 nonhundred-percent-fullwidth non-hundred-percent-height-scrolling\" style=\"background-color: rgba(255,255,255,0);background-position: center center;background-repeat: no-repeat;padding-top:0px;padding-right:0px;padding-bottom:0px;padding-left:0px;margin-bottom: 0px;margin-top: 0px;border-width: 0px 0px 0px 0px;border-color:#eae9e9;border-style:solid;\" ><div class=\"fusion-builder-row fusion-row\"><div class=\"fusion-layout-column fusion_builder_column fusion-builder-column-0 fusion_builder_column_1_1 1_1 fusion-one-full fusion-column-first fusion-column-last\" style=\"margin-top:0px;margin-bottom:20px;\"><div class=\"fusion-column-wrapper fusion-flex-column-wrapper-legacy\" style=\"background-position:left top;background-repeat:no-repeat;-webkit-background-size:cover;-moz-background-size:cover;-o-background-size:cover;background-size:cover;background-color:rgba(0,0,0,0.2);padding: 40px 40px 20px 40px;\"><div class=\"fusion-menu-anchor\" id=\"lv1\"><\/div><style type='text\/css'>.reading-box-container-1 .element-bottomshadow:before,.reading-box-container-1 .element-bottomshadow:after{opacity:0.7;}<\/style><div class=\"fusion-reading-box-container reading-box-container-1\" style=\"margin-top:0px;margin-bottom:84px;\"><div class=\"reading-box element-bottomshadow\" style=\"background-color:#f6f6f6;border-width:1px;border-color:#f6f6f6;border-left-width:3px;border-left-color:var(--primary_color);border-style:solid;\"><h2>DECES<\/h2><div class=\"reading-box-additional fusion-reading-box-additional\">\n<h3>. Permettre au conjoint survivant de financer ses d\u00e9penses personnelles et de maintenir son confort de vie<br \/>\n. Permettre \u00e0 vos enfants de financer leur \u00e9ducation et les frais de leur scolarit\u00e9<br \/>\n. Organiser la transmission de vos biens<br \/>\n. Financer les frais li\u00e9s \u00e0 votre d\u00e9c\u00e8s (imp\u00f4ts, frais de notaire\u2026)<\/h3>\n<\/div><div class=\"fusion-clearfix\"><\/div><\/div><\/div><div class=\"fusion-menu-anchor\" id=\"lv2\"><\/div><style type='text\/css'>.reading-box-container-2 .element-bottomshadow:before,.reading-box-container-2 .element-bottomshadow:after{opacity:0.7;}<\/style><div class=\"fusion-reading-box-container reading-box-container-2\" style=\"margin-top:0px;margin-bottom:84px;\"><div class=\"reading-box element-bottomshadow\" style=\"background-color:#f6f6f6;border-width:1px;border-color:#f6f6f6;border-left-width:3px;border-left-color:var(--primary_color);border-style:solid;\"><h2>INVALIDITE ET DEPENDANCE<\/h2><div class=\"reading-box-additional fusion-reading-box-additional\">\n<h3>. Permettre \u00e0 votre famille de poursuivre le financement de ses d\u00e9penses personnelles et de maintenir son confort de vie<br \/>\n. Permettre \u00e0 vos enfants de financer leur \u00e9ducation et les frais de leur scolarit\u00e9<br \/>\n. Organiser la gestion de vos biens et la gestion de votre personne si vous \u00eates dans l\u2019incapacit\u00e9 de prendre des d\u00e9cisions<br \/>\n. Financer les frais li\u00e9s \u00e0 votre invalidit\u00e9 et am\u00e9nager votre cadre de vie en fonction de votre invalidit\u00e9<\/h3>\n<\/div><div class=\"fusion-clearfix\"><\/div><\/div><\/div><div class=\"fusion-menu-anchor\" id=\"lv3\"><\/div><style type='text\/css'>.reading-box-container-3 .element-bottomshadow:before,.reading-box-container-3 .element-bottomshadow:after{opacity:0.7;}<\/style><div class=\"fusion-reading-box-container reading-box-container-3\" style=\"margin-top:0px;margin-bottom:84px;\"><div class=\"reading-box element-bottomshadow\" style=\"background-color:#f6f6f6;border-width:1px;border-color:#f6f6f6;border-left-width:3px;border-left-color:var(--primary_color);border-style:solid;\"><h2>ARRET DE TRAVAIL<\/h2><div class=\"reading-box-additional fusion-reading-box-additional\">\n<h3>. Assurer \u00e0 votre famille des revenus suffisants pour financer vos d\u00e9penses personnelles<br \/>\n. Permettre \u00e0 votre entreprise de financer ses charges pendant votre absence<br \/>\n. Organiser la gestion de vos biens si vous \u00eates dans l\u2019incapacit\u00e9 de prendre des d\u00e9cisions<\/h3>\n<\/div><div class=\"fusion-clearfix\"><\/div><\/div><\/div><div class=\"fusion-clearfix\"><\/div><\/div><\/div><\/div><\/div>\n","protected":false},"excerpt":{"rendered":"","protected":false},"author":1,"featured_media":0,"parent":0,"menu_order":0,"comment_status":"closed","ping_status":"closed","template":"","meta":[],"yoast_head":"<!-- This site is optimized with the Yoast SEO plugin v19.11 - https:\/\/yoast.com\/wordpress\/plugins\/seo\/ -->\n<title>La protection de ma famille - AURIS<\/title>\n<meta name=\"robots\" content=\"index, follow, max-snippet:-1, max-image-preview:large, max-video-preview:-1\" \/>\n<link rel=\"canonical\" href=\"https:\/\/www.auris-conseils.com\/auris22a\/la-protection-de-ma-famille\/\" \/>\n<meta property=\"og:locale\" content=\"fr_FR\" \/>\n<meta property=\"og:type\" content=\"article\" \/>\n<meta property=\"og:title\" content=\"La protection de ma famille - AURIS\" \/>\n<meta property=\"og:url\" content=\"https:\/\/www.auris-conseils.com\/auris22a\/la-protection-de-ma-famille\/\" \/>\n<meta property=\"og:site_name\" content=\"AURIS\" \/>\n<meta property=\"article:modified_time\" content=\"2023-03-30T16:20:32+00:00\" \/>\n<meta name=\"twitter:card\" content=\"summary_large_image\" \/>\n<meta name=\"twitter:label1\" content=\"Dur\u00e9e de lecture estim\u00e9e\" \/>\n\t<meta name=\"twitter:data1\" content=\"2 minutes\" \/>\n<script type=\"application\/ld+json\" class=\"yoast-schema-graph\">{\"@context\":\"https:\/\/schema.org\",\"@graph\":[{\"@type\":\"WebPage\",\"@id\":\"https:\/\/www.auris-conseils.com\/auris22a\/la-protection-de-ma-famille\/\",\"url\":\"https:\/\/www.auris-conseils.com\/auris22a\/la-protection-de-ma-famille\/\",\"name\":\"La protection de ma famille - AURIS\",\"isPartOf\":{\"@id\":\"https:\/\/www.auris-conseils.com\/auris22a\/#website\"},\"datePublished\":\"2017-09-15T15:57:18+00:00\",\"dateModified\":\"2023-03-30T16:20:32+00:00\",\"breadcrumb\":{\"@id\":\"https:\/\/www.auris-conseils.com\/auris22a\/la-protection-de-ma-famille\/#breadcrumb\"},\"inLanguage\":\"fr-FR\",\"potentialAction\":[{\"@type\":\"ReadAction\",\"target\":[\"https:\/\/www.auris-conseils.com\/auris22a\/la-protection-de-ma-famille\/\"]}]},{\"@type\":\"BreadcrumbList\",\"@id\":\"https:\/\/www.auris-conseils.com\/auris22a\/la-protection-de-ma-famille\/#breadcrumb\",\"itemListElement\":[{\"@type\":\"ListItem\",\"position\":1,\"name\":\"Accueil\",\"item\":\"https:\/\/www.auris-conseils.com\/auris22a\/\"},{\"@type\":\"ListItem\",\"position\":2,\"name\":\"La protection de ma famille\"}]},{\"@type\":\"WebSite\",\"@id\":\"https:\/\/www.auris-conseils.com\/auris22a\/#website\",\"url\":\"https:\/\/www.auris-conseils.com\/auris22a\/\",\"name\":\"AURIS\",\"description\":\"Planification Patrimoniale\",\"potentialAction\":[{\"@type\":\"SearchAction\",\"target\":{\"@type\":\"EntryPoint\",\"urlTemplate\":\"https:\/\/www.auris-conseils.com\/auris22a\/?s={search_term_string}\"},\"query-input\":\"required name=search_term_string\"}],\"inLanguage\":\"fr-FR\"}]}<\/script>\n<!-- \/ Yoast SEO plugin. -->","yoast_head_json":{"title":"La protection de ma famille - AURIS","robots":{"index":"index","follow":"follow","max-snippet":"max-snippet:-1","max-image-preview":"max-image-preview:large","max-video-preview":"max-video-preview:-1"},"canonical":"https:\/\/www.auris-conseils.com\/auris22a\/la-protection-de-ma-famille\/","og_locale":"fr_FR","og_type":"article","og_title":"La protection de ma famille - AURIS","og_url":"https:\/\/www.auris-conseils.com\/auris22a\/la-protection-de-ma-famille\/","og_site_name":"AURIS","article_modified_time":"2023-03-30T16:20:32+00:00","twitter_card":"summary_large_image","twitter_misc":{"Dur\u00e9e de lecture estim\u00e9e":"2 minutes"},"schema":{"@context":"https:\/\/schema.org","@graph":[{"@type":"WebPage","@id":"https:\/\/www.auris-conseils.com\/auris22a\/la-protection-de-ma-famille\/","url":"https:\/\/www.auris-conseils.com\/auris22a\/la-protection-de-ma-famille\/","name":"La protection de ma famille - AURIS","isPartOf":{"@id":"https:\/\/www.auris-conseils.com\/auris22a\/#website"},"datePublished":"2017-09-15T15:57:18+00:00","dateModified":"2023-03-30T16:20:32+00:00","breadcrumb":{"@id":"https:\/\/www.auris-conseils.com\/auris22a\/la-protection-de-ma-famille\/#breadcrumb"},"inLanguage":"fr-FR","potentialAction":[{"@type":"ReadAction","target":["https:\/\/www.auris-conseils.com\/auris22a\/la-protection-de-ma-famille\/"]}]},{"@type":"BreadcrumbList","@id":"https:\/\/www.auris-conseils.com\/auris22a\/la-protection-de-ma-famille\/#breadcrumb","itemListElement":[{"@type":"ListItem","position":1,"name":"Accueil","item":"https:\/\/www.auris-conseils.com\/auris22a\/"},{"@type":"ListItem","position":2,"name":"La protection de ma famille"}]},{"@type":"WebSite","@id":"https:\/\/www.auris-conseils.com\/auris22a\/#website","url":"https:\/\/www.auris-conseils.com\/auris22a\/","name":"AURIS","description":"Planification Patrimoniale","potentialAction":[{"@type":"SearchAction","target":{"@type":"EntryPoint","urlTemplate":"https:\/\/www.auris-conseils.com\/auris22a\/?s={search_term_string}"},"query-input":"required name=search_term_string"}],"inLanguage":"fr-FR"}]}},"_links":{"self":[{"href":"https:\/\/www.auris-conseils.com\/auris22a\/wp-json\/wp\/v2\/pages\/1496"}],"collection":[{"href":"https:\/\/www.auris-conseils.com\/auris22a\/wp-json\/wp\/v2\/pages"}],"about":[{"href":"https:\/\/www.auris-conseils.com\/auris22a\/wp-json\/wp\/v2\/types\/page"}],"author":[{"embeddable":true,"href":"https:\/\/www.auris-conseils.com\/auris22a\/wp-json\/wp\/v2\/users\/1"}],"replies":[{"embeddable":true,"href":"https:\/\/www.auris-conseils.com\/auris22a\/wp-json\/wp\/v2\/comments?post=1496"}],"version-history":[{"count":7,"href":"https:\/\/www.auris-conseils.com\/auris22a\/wp-json\/wp\/v2\/pages\/1496\/revisions"}],"predecessor-version":[{"id":2195,"href":"https:\/\/www.auris-conseils.com\/auris22a\/wp-json\/wp\/v2\/pages\/1496\/revisions\/2195"}],"wp:attachment":[{"href":"https:\/\/www.auris-conseils.com\/auris22a\/wp-json\/wp\/v2\/media?parent=1496"}],"curies":[{"name":"wp","href":"https:\/\/api.w.org\/{rel}","templated":true}]}}