{"id":13,"date":"2014-12-21T08:23:41","date_gmt":"2014-12-21T08:23:41","guid":{"rendered":"http:\/\/avada.theme-fusion.com_demos\/fashion\/?page_id=13"},"modified":"2023-03-01T18:40:24","modified_gmt":"2023-03-01T17:40:24","slug":"cabinet","status":"publish","type":"page","link":"https:\/\/www.auris-conseils.com\/auris22a\/cabinet\/","title":{"rendered":"CABINET"},"content":{"rendered":"<p><div class=\"fusion-fullwidth fullwidth-box fusion-builder-row-1 has-pattern-background has-mask-background nonhundred-percent-fullwidth non-hundred-percent-height-scrolling fusion-equal-height-columns fusion-animated\" style=\"background-color: rgba(255,255,255,0);background-position: left top;background-repeat: repeat;padding-top:40px;padding-right:0px;padding-bottom:24px;padding-left:0px;margin-bottom: 0px;margin-top: 0px;border-width: 0px 0px 0px 0px;border-color:#eae9e9;border-style:solid;\" data-animationType=\"fadeInDown\" data-animationDuration=\"1.0\" data-animationOffset=\"top-into-view\" ><div class=\"fusion-builder-row fusion-row\"><div class=\"fusion-layout-column fusion_builder_column fusion-builder-column-0 fusion_builder_column_1_3 1_3 fusion-one-third fusion-column-first\" style=\"width:33.333333333333%;width:calc(33.333333333333% - ( ( 0% ) * 0.33333333333333 ) );margin-right: 0%;margin-top:0px;margin-bottom:0px;\"><div class=\"fusion-column-wrapper fusion-flex-column-wrapper-legacy\" style=\"background-position:left top;background-blend-mode: overlay;background-repeat:no-repeat;-webkit-background-size:cover;-moz-background-size:cover;-o-background-size:cover;background-size:cover;background-color:#000000;border-width: 0px 0px 20px 0px;border-color:#000000;border-style:solid;padding: 0px 0px 0px 0px;\"><div class=\"imageframe-align-center\"><span class=\" fusion-imageframe imageframe-none imageframe-1 hover-type-none\"><img decoding=\"async\" width=\"424\" height=\"283\" title=\"G\u00e9rer\" src=\"http:\/\/www.auris-conseils.com\/auris22a\/wp-content\/uploads\/2014\/12\/marche.jpg\" alt class=\"img-responsive wp-image-1740\" srcset=\"https:\/\/www.auris-conseils.com\/auris22a\/wp-content\/uploads\/2014\/12\/marche-200x133.jpg 200w, https:\/\/www.auris-conseils.com\/auris22a\/wp-content\/uploads\/2014\/12\/marche-400x267.jpg 400w, https:\/\/www.auris-conseils.com\/auris22a\/wp-content\/uploads\/2014\/12\/marche.jpg 424w\" sizes=\"(max-width: 800px) 100vw, 400px\" \/><\/span><\/div><div class=\"fusion-clearfix\"><\/div><\/div><\/div><div class=\"fusion-layout-column fusion_builder_column fusion-builder-column-1 fusion_builder_column_2_3 2_3 fusion-two-third fusion-column-last\" style=\"width:66.666666666667%;width:calc(66.666666666667% - ( ( 0% ) * 0.66666666666667 ) );margin-top:0px;margin-bottom:20px;\"><div class=\"fusion-column-wrapper fusion-flex-column-wrapper-legacy\" style=\"background-position:left top;background-repeat:no-repeat;-webkit-background-size:cover;-moz-background-size:cover;-o-background-size:cover;background-size:cover;background-color:#000000;padding: 5% 5% 5% 5%;\"><div class=\"fusion-text fusion-text-1\"><p><span style=\"font-family: arial, helvetica, sans-serif; color: #ffffff; font-size: 14pt;\"><span style=\"font-size: 24pt;\"><span class=\"fusion-dropcap dropcap\" style=\"color:var(--awb-color1);\">A<\/span>URIS<\/span> est l\u2019origine latine du mot OREILLE, organe indispensable pour \u00e9couter.<\/span><br \/><span style=\"font-family: arial, helvetica, sans-serif; color: #ffffff; font-size: 14pt;\">Nos interventions \u00e9tant bas\u00e9es sur l\u2019\u00e9coute de l\u2019individu, nous sommes \u00e0 vos c\u00f4t\u00e9s pour vous aider \u00e0 exprimer librement vos r\u00e9flexions tout en facilitant leur approfondissement. Vous trouverez une aide sur mesure \u00e0 la mise en \u0153uvre de vos projets.<\/span><\/p>\n<\/div><div class=\"fusion-clearfix\"><\/div><\/div><\/div><\/div><\/div><div class=\"fusion-fullwidth fullwidth-box fusion-builder-row-2 has-pattern-background has-mask-background nonhundred-percent-fullwidth non-hundred-percent-height-scrolling fusion-equal-height-columns fusion-animated\" style=\"background-color: rgba(255,255,255,0);background-position: left top;background-repeat: repeat;padding-top:0px;padding-right:0px;padding-bottom:0px;padding-left:0px;margin-bottom: 0px;margin-top: 0px;border-width: 0px 0px 0px 0px;border-color:#eae9e9;border-style:solid;\" data-animationType=\"fadeInUp\" data-animationDuration=\"2.0\" data-animationOffset=\"top-into-view\" ><div class=\"fusion-builder-row fusion-row\"><div class=\"fusion-layout-column fusion_builder_column fusion-builder-column-2 fusion_builder_column_2_3 2_3 fusion-two-third fusion-column-first\" style=\"width:66.666666666667%;width:calc(66.666666666667% - ( ( 0% ) * 0.66666666666667 ) );margin-right: 0%;margin-top:0px;margin-bottom:20px;\"><div class=\"fusion-column-wrapper fusion-flex-column-wrapper-legacy\" style=\"background-position:left top;background-repeat:no-repeat;-webkit-background-size:cover;-moz-background-size:cover;-o-background-size:cover;background-size:cover;background-color:#000000;padding: 5% 5% 5% 5%;\"><div class=\"fusion-text fusion-text-2\"><p><span style=\"font-family: arial, helvetica, sans-serif; color: #ffffff; font-size: 14pt;\"><span class=\"fusion-dropcap dropcap\" style=\"color:var(--awb-color2);\">L<\/span>e cabinet AURIS met \u00e0 votre disposition un service de planification patrimoniale. Vous pourrez pr\u00e9voir les cons\u00e9quences de la survenance d\u2019un \u00e9v\u00e8nement de votre vie. Vous pourrez \u00e9galement, si cet \u00e9v\u00e8nement est survenu sans qu\u2019il ait pu \u00eatre planifi\u00e9, \u00eatre accompagn\u00e9 et aid\u00e9 pour en assumer toutes les r\u00e9percutions. En parall\u00e8le, vous b\u00e9n\u00e9ficierez \u00e0 votre convenance de missions d\u2019analyses techniques concernant des domaines vari\u00e9s (droit de la famille, assurance, retraite, \u00e9pargne, fiscalit\u00e9).<\/span><br \/>\n<span style=\"font-family: arial, helvetica, sans-serif; color: #ffffff; font-size: 14pt;\">Le cabinet AURIS coordonne et supervise toutes les interventions qui vous concerneront. Pour ce faire, il s\u2019appuie sur son r\u00e9seau de sp\u00e9cialistes provenant de domaines tr\u00e8s vari\u00e9s (expert- comptables, avocats, notaires, conseillers en gestion de patrimoine, courtiers d&rsquo;assurance, agents immobiliers, banquiers&#8230;) tout en int\u00e9grant vos partenaires et conseils existants.<\/span><\/p>\n<\/div><div class=\"fusion-clearfix\"><\/div><\/div><\/div><div class=\"fusion-layout-column fusion_builder_column fusion-builder-column-3 fusion_builder_column_1_3 1_3 fusion-one-third fusion-column-last\" style=\"width:33.333333333333%;width:calc(33.333333333333% - ( ( 0% ) * 0.33333333333333 ) );margin-top:0px;margin-bottom:0px;\"><div class=\"fusion-column-wrapper fusion-flex-column-wrapper-legacy\" style=\"background-position:left top;background-blend-mode: overlay;background-repeat:no-repeat;-webkit-background-size:cover;-moz-background-size:cover;-o-background-size:cover;background-size:cover;background-color:#171d49;padding: 0px 0px 0px 0px;\"><div class=\"fusion-column-content-centered\"><div class=\"fusion-column-content\"><div class=\"imageframe-align-center\"><style>.fusion-imageframe.imageframe-2{ margin-top : 20px;margin-right : 20px;}<\/style><span class=\" fusion-imageframe imageframe-none imageframe-2 hover-type-none fusion-animated\" data-animationType=\"zoomIn\" data-animationDuration=\"1.3\" data-animationOffset=\"top-into-view\"><img decoding=\"async\" width=\"424\" height=\"283\" title=\"PLANIFIER\" src=\"http:\/\/www.auris-conseils.com\/auris22a\/wp-content\/uploads\/2014\/12\/chemin.jpg\" alt class=\"img-responsive wp-image-1741\" srcset=\"https:\/\/www.auris-conseils.com\/auris22a\/wp-content\/uploads\/2014\/12\/chemin-200x133.jpg 200w, https:\/\/www.auris-conseils.com\/auris22a\/wp-content\/uploads\/2014\/12\/chemin-400x267.jpg 400w, https:\/\/www.auris-conseils.com\/auris22a\/wp-content\/uploads\/2014\/12\/chemin.jpg 424w\" sizes=\"(max-width: 800px) 100vw, 400px\" \/><\/span><\/div><\/div><\/div><div class=\"fusion-clearfix\"><\/div><\/div><\/div><\/div><\/div><\/p>\n","protected":false},"excerpt":{"rendered":"","protected":false},"author":1,"featured_media":0,"parent":0,"menu_order":0,"comment_status":"open","ping_status":"closed","template":"100-width.php","meta":[],"yoast_head":"<!-- This site is optimized with the Yoast SEO plugin v19.11 - https:\/\/yoast.com\/wordpress\/plugins\/seo\/ -->\n<title>CABINET - AURIS<\/title>\n<meta name=\"robots\" content=\"index, follow, max-snippet:-1, max-image-preview:large, max-video-preview:-1\" \/>\n<link rel=\"canonical\" href=\"https:\/\/www.auris-conseils.com\/auris22a\/cabinet\/\" \/>\n<meta property=\"og:locale\" content=\"fr_FR\" \/>\n<meta property=\"og:type\" content=\"article\" \/>\n<meta property=\"og:title\" content=\"CABINET - AURIS\" \/>\n<meta property=\"og:url\" content=\"https:\/\/www.auris-conseils.com\/auris22a\/cabinet\/\" \/>\n<meta property=\"og:site_name\" content=\"AURIS\" \/>\n<meta property=\"article:modified_time\" content=\"2023-03-01T17:40:24+00:00\" \/>\n<meta name=\"twitter:card\" content=\"summary_large_image\" \/>\n<meta name=\"twitter:label1\" content=\"Dur\u00e9e de lecture estim\u00e9e\" \/>\n\t<meta name=\"twitter:data1\" content=\"4 minutes\" \/>\n<script type=\"application\/ld+json\" class=\"yoast-schema-graph\">{\"@context\":\"https:\/\/schema.org\",\"@graph\":[{\"@type\":\"WebPage\",\"@id\":\"https:\/\/www.auris-conseils.com\/auris22a\/cabinet\/\",\"url\":\"https:\/\/www.auris-conseils.com\/auris22a\/cabinet\/\",\"name\":\"CABINET - AURIS\",\"isPartOf\":{\"@id\":\"https:\/\/www.auris-conseils.com\/auris22a\/#website\"},\"datePublished\":\"2014-12-21T08:23:41+00:00\",\"dateModified\":\"2023-03-01T17:40:24+00:00\",\"breadcrumb\":{\"@id\":\"https:\/\/www.auris-conseils.com\/auris22a\/cabinet\/#breadcrumb\"},\"inLanguage\":\"fr-FR\",\"potentialAction\":[{\"@type\":\"ReadAction\",\"target\":[\"https:\/\/www.auris-conseils.com\/auris22a\/cabinet\/\"]}]},{\"@type\":\"BreadcrumbList\",\"@id\":\"https:\/\/www.auris-conseils.com\/auris22a\/cabinet\/#breadcrumb\",\"itemListElement\":[{\"@type\":\"ListItem\",\"position\":1,\"name\":\"Accueil\",\"item\":\"https:\/\/www.auris-conseils.com\/auris22a\/\"},{\"@type\":\"ListItem\",\"position\":2,\"name\":\"CABINET\"}]},{\"@type\":\"WebSite\",\"@id\":\"https:\/\/www.auris-conseils.com\/auris22a\/#website\",\"url\":\"https:\/\/www.auris-conseils.com\/auris22a\/\",\"name\":\"AURIS\",\"description\":\"Planification Patrimoniale\",\"potentialAction\":[{\"@type\":\"SearchAction\",\"target\":{\"@type\":\"EntryPoint\",\"urlTemplate\":\"https:\/\/www.auris-conseils.com\/auris22a\/?s={search_term_string}\"},\"query-input\":\"required name=search_term_string\"}],\"inLanguage\":\"fr-FR\"}]}<\/script>\n<!-- \/ Yoast SEO plugin. -->","yoast_head_json":{"title":"CABINET - AURIS","robots":{"index":"index","follow":"follow","max-snippet":"max-snippet:-1","max-image-preview":"max-image-preview:large","max-video-preview":"max-video-preview:-1"},"canonical":"https:\/\/www.auris-conseils.com\/auris22a\/cabinet\/","og_locale":"fr_FR","og_type":"article","og_title":"CABINET - AURIS","og_url":"https:\/\/www.auris-conseils.com\/auris22a\/cabinet\/","og_site_name":"AURIS","article_modified_time":"2023-03-01T17:40:24+00:00","twitter_card":"summary_large_image","twitter_misc":{"Dur\u00e9e de lecture estim\u00e9e":"4 minutes"},"schema":{"@context":"https:\/\/schema.org","@graph":[{"@type":"WebPage","@id":"https:\/\/www.auris-conseils.com\/auris22a\/cabinet\/","url":"https:\/\/www.auris-conseils.com\/auris22a\/cabinet\/","name":"CABINET - AURIS","isPartOf":{"@id":"https:\/\/www.auris-conseils.com\/auris22a\/#website"},"datePublished":"2014-12-21T08:23:41+00:00","dateModified":"2023-03-01T17:40:24+00:00","breadcrumb":{"@id":"https:\/\/www.auris-conseils.com\/auris22a\/cabinet\/#breadcrumb"},"inLanguage":"fr-FR","potentialAction":[{"@type":"ReadAction","target":["https:\/\/www.auris-conseils.com\/auris22a\/cabinet\/"]}]},{"@type":"BreadcrumbList","@id":"https:\/\/www.auris-conseils.com\/auris22a\/cabinet\/#breadcrumb","itemListElement":[{"@type":"ListItem","position":1,"name":"Accueil","item":"https:\/\/www.auris-conseils.com\/auris22a\/"},{"@type":"ListItem","position":2,"name":"CABINET"}]},{"@type":"WebSite","@id":"https:\/\/www.auris-conseils.com\/auris22a\/#website","url":"https:\/\/www.auris-conseils.com\/auris22a\/","name":"AURIS","description":"Planification Patrimoniale","potentialAction":[{"@type":"SearchAction","target":{"@type":"EntryPoint","urlTemplate":"https:\/\/www.auris-conseils.com\/auris22a\/?s={search_term_string}"},"query-input":"required name=search_term_string"}],"inLanguage":"fr-FR"}]}},"_links":{"self":[{"href":"https:\/\/www.auris-conseils.com\/auris22a\/wp-json\/wp\/v2\/pages\/13"}],"collection":[{"href":"https:\/\/www.auris-conseils.com\/auris22a\/wp-json\/wp\/v2\/pages"}],"about":[{"href":"https:\/\/www.auris-conseils.com\/auris22a\/wp-json\/wp\/v2\/types\/page"}],"author":[{"embeddable":true,"href":"https:\/\/www.auris-conseils.com\/auris22a\/wp-json\/wp\/v2\/users\/1"}],"replies":[{"embeddable":true,"href":"https:\/\/www.auris-conseils.com\/auris22a\/wp-json\/wp\/v2\/comments?post=13"}],"version-history":[{"count":52,"href":"https:\/\/www.auris-conseils.com\/auris22a\/wp-json\/wp\/v2\/pages\/13\/revisions"}],"predecessor-version":[{"id":1677,"href":"https:\/\/www.auris-conseils.com\/auris22a\/wp-json\/wp\/v2\/pages\/13\/revisions\/1677"}],"wp:attachment":[{"href":"https:\/\/www.auris-conseils.com\/auris22a\/wp-json\/wp\/v2\/media?parent=13"}],"curies":[{"name":"wp","href":"https:\/\/api.w.org\/{rel}","templated":true}]}}